{"id":18,"date":"2021-10-16T12:09:38","date_gmt":"2021-10-16T10:09:38","guid":{"rendered":"http:\/\/thalassalyonplongee.fr\/traverseelyon\/?page_id=18"},"modified":"2024-10-18T22:36:59","modified_gmt":"2024-10-18T20:36:59","slug":"nous-contacter","status":"publish","type":"page","link":"https:\/\/thalassalyonplongee.fr\/traverseelyon\/index.php\/nous-contacter\/","title":{"rendered":"Nous contacter"},"content":{"rendered":"\t\t<div data-elementor-type=\"wp-page\" data-elementor-id=\"18\" class=\"elementor elementor-18\">\n\t\t\t\t\t\t<section class=\"elementor-section elementor-top-section elementor-element elementor-element-b091080 elementor-section-boxed elementor-section-height-default elementor-section-height-default\" data-id=\"b091080\" data-element_type=\"section\" data-e-type=\"section\">\n\t\t\t\t\t\t<div class=\"elementor-container elementor-column-gap-default\">\n\t\t\t\t\t<div class=\"elementor-column elementor-col-100 elementor-top-column elementor-element elementor-element-05e9378\" data-id=\"05e9378\" data-element_type=\"column\" data-e-type=\"column\">\n\t\t\t<div class=\"elementor-widget-wrap elementor-element-populated\">\n\t\t\t\t\t\t<div class=\"elementor-element elementor-element-1478296 elementor-widget elementor-widget-spacer\" data-id=\"1478296\" data-element_type=\"widget\" data-e-type=\"widget\" data-widget_type=\"spacer.default\">\n\t\t\t\t<div class=\"elementor-widget-container\">\n\t\t\t\t\t\t\t<div class=\"elementor-spacer\">\n\t\t\t<div class=\"elementor-spacer-inner\"><\/div>\n\t\t<\/div>\n\t\t\t\t\t\t<\/div>\n\t\t\t\t<\/div>\n\t\t\t\t<div class=\"elementor-element elementor-element-ce520f1 elementor-widget elementor-widget-heading\" data-id=\"ce520f1\" data-element_type=\"widget\" data-e-type=\"widget\" data-widget_type=\"heading.default\">\n\t\t\t\t<div class=\"elementor-widget-container\">\n\t\t\t\t\t<h1 class=\"elementor-heading-title elementor-size-default\">Nous contacter<\/h1>\t\t\t\t<\/div>\n\t\t\t\t<\/div>\n\t\t\t\t<div class=\"elementor-element elementor-element-5babd1c elementor-widget-divider--view-line elementor-widget elementor-widget-divider\" data-id=\"5babd1c\" data-element_type=\"widget\" data-e-type=\"widget\" data-widget_type=\"divider.default\">\n\t\t\t\t<div class=\"elementor-widget-container\">\n\t\t\t\t\t\t\t<div class=\"elementor-divider\">\n\t\t\t<span class=\"elementor-divider-separator\">\n\t\t\t\t\t\t<\/span>\n\t\t<\/div>\n\t\t\t\t\t\t<\/div>\n\t\t\t\t<\/div>\n\t\t\t\t\t<\/div>\n\t\t<\/div>\n\t\t\t\t\t<\/div>\n\t\t<\/section>\n\t\t\t\t<section class=\"elementor-section elementor-top-section elementor-element elementor-element-24d25e8 elementor-section-boxed elementor-section-height-default elementor-section-height-default\" data-id=\"24d25e8\" data-element_type=\"section\" data-e-type=\"section\">\n\t\t\t\t\t\t<div class=\"elementor-container elementor-column-gap-default\">\n\t\t\t\t\t<div class=\"elementor-column elementor-col-100 elementor-top-column elementor-element elementor-element-f38bbb2\" data-id=\"f38bbb2\" data-element_type=\"column\" data-e-type=\"column\">\n\t\t\t<div class=\"elementor-widget-wrap elementor-element-populated\">\n\t\t\t\t\t\t<div class=\"elementor-element elementor-element-81408ea elementor-widget elementor-widget-text-editor\" data-id=\"81408ea\" data-element_type=\"widget\" data-e-type=\"widget\" data-widget_type=\"text-editor.default\">\n\t\t\t\t<div class=\"elementor-widget-container\">\n\t\t\t\t\t\t\t\t\t<p class=\"MsoNormal\">Vous pouvez nous contacter par courrier \u00e0 l&rsquo;adresse :<\/p>\t\t\t\t\t\t\t\t<\/div>\n\t\t\t\t<\/div>\n\t\t\t\t<div class=\"elementor-element elementor-element-2ff3bc8 elementor-widget elementor-widget-text-editor\" data-id=\"2ff3bc8\" data-element_type=\"widget\" data-e-type=\"widget\" data-widget_type=\"text-editor.default\">\n\t\t\t\t<div class=\"elementor-widget-container\">\n\t\t\t\t\t\t\t\t\t<p class=\"MsoNormal\">\n<\/p><p class=\"MsoNormal\">\n<\/p><p class=\"MsoNormal\">Club Thalassa Lyon Plong\u00e9e<\/p>\n<p class=\"MsoNormal\">3 rue Jouffroy d&rsquo;Abbans<\/p>\n<p class=\"MsoNormal\">69009 LYON<\/p><p class=\"MsoNormal\"><br><\/p>\n<p class=\"MsoNormal\">\n<\/p><p class=\"formText\" style=\"font-family: Arial, Helvetica, sans-serif; font-size: 10pt; color: #000000; font-style: normal; font-weight: 400;\">\n<\/p><p class=\"MsoNormal\">\n<\/p>\t\t\t\t\t\t\t\t<\/div>\n\t\t\t\t<\/div>\n\t\t\t\t\t<\/div>\n\t\t<\/div>\n\t\t\t\t\t<\/div>\n\t\t<\/section>\n\t\t\t\t<section class=\"elementor-section elementor-top-section elementor-element elementor-element-75b74c8 elementor-section-boxed elementor-section-height-default elementor-section-height-default\" data-id=\"75b74c8\" data-element_type=\"section\" data-e-type=\"section\">\n\t\t\t\t\t\t<div class=\"elementor-container elementor-column-gap-default\">\n\t\t\t\t\t<div class=\"elementor-column elementor-col-100 elementor-top-column elementor-element elementor-element-a10742d\" data-id=\"a10742d\" data-element_type=\"column\" data-e-type=\"column\">\n\t\t\t<div class=\"elementor-widget-wrap elementor-element-populated\">\n\t\t\t\t\t\t<div class=\"elementor-element elementor-element-857bc2a elementor-widget elementor-widget-text-editor\" data-id=\"857bc2a\" data-element_type=\"widget\" data-e-type=\"widget\" data-widget_type=\"text-editor.default\">\n\t\t\t\t<div class=\"elementor-widget-container\">\n\t\t\t\t\t\t\t\t\t<p><span style=\"color: #000000; font-family: 'Roboto Slab', sans-serif; font-weight: 600; text-align: center;\">Ou e-mail, \u00e0 :&nbsp;<\/span><span style=\"background-color: rgb(242, 245, 247); color: rgb(0, 0, 0); font-weight: 600; font-family: var( --e-global-typography-text-font-family ), Sans-serif; font-size: 1rem;\">traverseelyonnap@thalassalyonplongee.fr<\/span><\/p>\t\t\t\t\t\t\t\t<\/div>\n\t\t\t\t<\/div>\n\t\t\t\t\t<\/div>\n\t\t<\/div>\n\t\t\t\t\t<\/div>\n\t\t<\/section>\n\t\t\t\t<section class=\"elementor-section elementor-top-section elementor-element elementor-element-fd479ea elementor-section-boxed elementor-section-height-default elementor-section-height-default\" data-id=\"fd479ea\" data-element_type=\"section\" data-e-type=\"section\" data-settings=\"{&quot;background_background&quot;:&quot;classic&quot;}\">\n\t\t\t\t\t\t<div class=\"elementor-container elementor-column-gap-default\">\n\t\t\t\t\t<div class=\"elementor-column elementor-col-33 elementor-top-column elementor-element elementor-element-33cc8d3\" data-id=\"33cc8d3\" data-element_type=\"column\" data-e-type=\"column\">\n\t\t\t<div class=\"elementor-widget-wrap elementor-element-populated\">\n\t\t\t\t\t\t<div class=\"elementor-element elementor-element-4597031 elementor-widget elementor-widget-spacer\" data-id=\"4597031\" data-element_type=\"widget\" data-e-type=\"widget\" data-widget_type=\"spacer.default\">\n\t\t\t\t<div class=\"elementor-widget-container\">\n\t\t\t\t\t\t\t<div class=\"elementor-spacer\">\n\t\t\t<div class=\"elementor-spacer-inner\"><\/div>\n\t\t<\/div>\n\t\t\t\t\t\t<\/div>\n\t\t\t\t<\/div>\n\t\t\t\t<div class=\"elementor-element elementor-element-408e8a6 elementor-widget elementor-widget-text-editor\" data-id=\"408e8a6\" data-element_type=\"widget\" data-e-type=\"widget\" data-widget_type=\"text-editor.default\">\n\t\t\t\t<div class=\"elementor-widget-container\">\n\t\t\t\t\t\t\t\t\t<p>Club Thalassa Lyon Plong\u00e9e<\/p><p>3 rue Jouffroy d\u2019Abbans<\/p><p>69009 LYON<\/p><p><span style=\"font-weight: 600;\">traverseelyonnap@thalassalyonplongee.fr<\/span><\/p>\t\t\t\t\t\t\t\t<\/div>\n\t\t\t\t<\/div>\n\t\t\t\t\t<\/div>\n\t\t<\/div>\n\t\t\t\t<div class=\"elementor-column elementor-col-33 elementor-top-column elementor-element elementor-element-e40dabc\" data-id=\"e40dabc\" data-element_type=\"column\" data-e-type=\"column\">\n\t\t\t<div class=\"elementor-widget-wrap elementor-element-populated\">\n\t\t\t\t\t\t<div class=\"elementor-element elementor-element-b89aec3 elementor-widget elementor-widget-image\" data-id=\"b89aec3\" data-element_type=\"widget\" data-e-type=\"widget\" data-widget_type=\"image.default\">\n\t\t\t\t<div class=\"elementor-widget-container\">\n\t\t\t\t\t\t\t\t\t\t\t\t\t\t\t<img decoding=\"async\" width=\"150\" height=\"150\" src=\"https:\/\/thalassalyonplongee.fr\/traverseelyon\/wp-content\/uploads\/2021\/10\/cropped-22769690_1288696981276385_2517272010692802687_o-removebg-preview-83x83.png\" class=\"attachment-thumbnail size-thumbnail wp-image-23\" alt=\"\" srcset=\"https:\/\/thalassalyonplongee.fr\/traverseelyon\/wp-content\/uploads\/2021\/10\/cropped-22769690_1288696981276385_2517272010692802687_o-removebg-preview-150x150.png 150w, https:\/\/thalassalyonplongee.fr\/traverseelyon\/wp-content\/uploads\/2021\/10\/cropped-22769690_1288696981276385_2517272010692802687_o-removebg-preview-300x300.png 300w, https:\/\/thalassalyonplongee.fr\/traverseelyon\/wp-content\/uploads\/2021\/10\/cropped-22769690_1288696981276385_2517272010692802687_o-removebg-preview-83x83.png 83w, https:\/\/thalassalyonplongee.fr\/traverseelyon\/wp-content\/uploads\/2021\/10\/cropped-22769690_1288696981276385_2517272010692802687_o-removebg-preview.png 500w\" sizes=\"(max-width: 150px) 100vw, 150px\" \/>\t\t\t\t\t\t\t\t\t\t\t\t\t\t\t<\/div>\n\t\t\t\t<\/div>\n\t\t\t\t\t<\/div>\n\t\t<\/div>\n\t\t\t\t<div class=\"elementor-column elementor-col-33 elementor-top-column elementor-element elementor-element-44da2c3\" data-id=\"44da2c3\" data-element_type=\"column\" data-e-type=\"column\">\n\t\t\t<div class=\"elementor-widget-wrap elementor-element-populated\">\n\t\t\t\t\t\t<div class=\"elementor-element elementor-element-3ba16f8 elementor-widget elementor-widget-spacer\" data-id=\"3ba16f8\" data-element_type=\"widget\" data-e-type=\"widget\" data-widget_type=\"spacer.default\">\n\t\t\t\t<div class=\"elementor-widget-container\">\n\t\t\t\t\t\t\t<div class=\"elementor-spacer\">\n\t\t\t<div class=\"elementor-spacer-inner\"><\/div>\n\t\t<\/div>\n\t\t\t\t\t\t<\/div>\n\t\t\t\t<\/div>\n\t\t\t\t<div class=\"elementor-element elementor-element-0ce646e elementor-widget elementor-widget-image\" data-id=\"0ce646e\" data-element_type=\"widget\" data-e-type=\"widget\" data-widget_type=\"image.default\">\n\t\t\t\t<div class=\"elementor-widget-container\">\n\t\t\t\t\t\t\t\t\t\t\t\t\t\t\t\t<a href=\"https:\/\/www.facebook.com\/traverseelyon.nap\">\n\t\t\t\t\t\t\t<img decoding=\"async\" src=\"https:\/\/thalassalyonplongee.fr\/traverseelyon\/wp-content\/uploads\/2021\/12\/facebook-770688_1280.png\" title=\"facebook-770688_1280\" alt=\"facebook-770688_1280\" loading=\"lazy\" \/>\t\t\t\t\t\t\t\t<\/a>\n\t\t\t\t\t\t\t\t\t\t\t\t\t\t\t<\/div>\n\t\t\t\t<\/div>\n\t\t\t\t\t<\/div>\n\t\t<\/div>\n\t\t\t\t\t<\/div>\n\t\t<\/section>\n\t\t\t\t<\/div>\n\t\t","protected":false},"excerpt":{"rendered":"<p>Nous contacter Vous pouvez nous contacter par courrier \u00e0 l&rsquo;adresse : Club Thalassa Lyon Plong\u00e9e 3 rue Jouffroy d&rsquo;Abbans 69009 LYON Ou e-mail, \u00e0 :&nbsp;traverseelyonnap@thalassalyonplongee.fr Club Thalassa Lyon Plong\u00e9e 3 rue Jouffroy d\u2019Abbans 69009 LYON traverseelyonnap@thalassalyonplongee.fr<\/p>\n","protected":false},"author":1,"featured_media":0,"parent":0,"menu_order":0,"comment_status":"closed","ping_status":"closed","template":"","meta":{"site-sidebar-layout":"no-sidebar","site-content-layout":"page-builder","ast-site-content-layout":"default","site-content-style":"default","site-sidebar-style":"default","ast-global-header-display":"","ast-banner-title-visibility":"","ast-main-header-display":"","ast-hfb-above-header-display":"","ast-hfb-below-header-display":"","ast-hfb-mobile-header-display":"","site-post-title":"disabled","ast-breadcrumbs-content":"","ast-featured-img":"disabled","footer-sml-layout":"disabled","ast-disable-related-posts":"","theme-transparent-header-meta":"default","adv-header-id-meta":"","stick-header-meta":"","header-above-stick-meta":"","header-main-stick-meta":"","header-below-stick-meta":"","astra-migrate-meta-layouts":"default","ast-page-background-enabled":"default","ast-page-background-meta":{"desktop":{"background-color":"var(--ast-global-color-4)","background-image":"","background-repeat":"repeat","background-position":"center center","background-size":"auto","background-attachment":"scroll","background-type":"","background-media":"","overlay-type":"","overlay-color":"","overlay-opacity":"","overlay-gradient":""},"tablet":{"background-color":"","background-image":"","background-repeat":"repeat","background-position":"center center","background-size":"auto","background-attachment":"scroll","background-type":"","background-media":"","overlay-type":"","overlay-color":"","overlay-opacity":"","overlay-gradient":""},"mobile":{"background-color":"","background-image":"","background-repeat":"repeat","background-position":"center center","background-size":"auto","background-attachment":"scroll","background-type":"","background-media":"","overlay-type":"","overlay-color":"","overlay-opacity":"","overlay-gradient":""}},"ast-content-background-meta":{"desktop":{"background-color":"var(--ast-global-color-5)","background-image":"","background-repeat":"repeat","background-position":"center center","background-size":"auto","background-attachment":"scroll","background-type":"","background-media":"","overlay-type":"","overlay-color":"","overlay-opacity":"","overlay-gradient":""},"tablet":{"background-color":"var(--ast-global-color-5)","background-image":"","background-repeat":"repeat","background-position":"center center","background-size":"auto","background-attachment":"scroll","background-type":"","background-media":"","overlay-type":"","overlay-color":"","overlay-opacity":"","overlay-gradient":""},"mobile":{"background-color":"var(--ast-global-color-5)","background-image":"","background-repeat":"repeat","background-position":"center center","background-size":"auto","background-attachment":"scroll","background-type":"","background-media":"","overlay-type":"","overlay-color":"","overlay-opacity":"","overlay-gradient":""}},"footnotes":""},"class_list":["post-18","page","type-page","status-publish","hentry"],"_links":{"self":[{"href":"https:\/\/thalassalyonplongee.fr\/traverseelyon\/index.php\/wp-json\/wp\/v2\/pages\/18","targetHints":{"allow":["GET"]}}],"collection":[{"href":"https:\/\/thalassalyonplongee.fr\/traverseelyon\/index.php\/wp-json\/wp\/v2\/pages"}],"about":[{"href":"https:\/\/thalassalyonplongee.fr\/traverseelyon\/index.php\/wp-json\/wp\/v2\/types\/page"}],"author":[{"embeddable":true,"href":"https:\/\/thalassalyonplongee.fr\/traverseelyon\/index.php\/wp-json\/wp\/v2\/users\/1"}],"replies":[{"embeddable":true,"href":"https:\/\/thalassalyonplongee.fr\/traverseelyon\/index.php\/wp-json\/wp\/v2\/comments?post=18"}],"version-history":[{"count":43,"href":"https:\/\/thalassalyonplongee.fr\/traverseelyon\/index.php\/wp-json\/wp\/v2\/pages\/18\/revisions"}],"predecessor-version":[{"id":646,"href":"https:\/\/thalassalyonplongee.fr\/traverseelyon\/index.php\/wp-json\/wp\/v2\/pages\/18\/revisions\/646"}],"wp:attachment":[{"href":"https:\/\/thalassalyonplongee.fr\/traverseelyon\/index.php\/wp-json\/wp\/v2\/media?parent=18"}],"curies":[{"name":"wp","href":"https:\/\/api.w.org\/{rel}","templated":true}]}}