{"id":13,"date":"2021-10-16T12:08:53","date_gmt":"2021-10-16T10:08:53","guid":{"rendered":"http:\/\/thalassalyonplongee.fr\/traverseelyon\/?page_id=13"},"modified":"2021-12-01T12:15:16","modified_gmt":"2021-12-01T11:15:16","slug":"photos-et-videos","status":"publish","type":"page","link":"https:\/\/thalassalyonplongee.fr\/traverseelyon\/index.php\/photos-et-videos\/","title":{"rendered":"Photos et vid\u00e9os"},"content":{"rendered":"\t\t<div data-elementor-type=\"wp-page\" data-elementor-id=\"13\" class=\"elementor elementor-13\">\n\t\t\t\t\t\t<section class=\"elementor-section elementor-top-section elementor-element elementor-element-3686ca8 elementor-section-boxed elementor-section-height-default elementor-section-height-default\" data-id=\"3686ca8\" data-element_type=\"section\" data-e-type=\"section\">\n\t\t\t\t\t\t<div class=\"elementor-container elementor-column-gap-default\">\n\t\t\t\t\t<div class=\"elementor-column elementor-col-100 elementor-top-column elementor-element elementor-element-8308b40\" data-id=\"8308b40\" data-element_type=\"column\" data-e-type=\"column\">\n\t\t\t<div class=\"elementor-widget-wrap elementor-element-populated\">\n\t\t\t\t\t\t<div class=\"elementor-element elementor-element-a111a29 elementor-widget elementor-widget-spacer\" data-id=\"a111a29\" data-element_type=\"widget\" data-e-type=\"widget\" data-widget_type=\"spacer.default\">\n\t\t\t\t<div class=\"elementor-widget-container\">\n\t\t\t\t\t\t\t<div class=\"elementor-spacer\">\n\t\t\t<div class=\"elementor-spacer-inner\"><\/div>\n\t\t<\/div>\n\t\t\t\t\t\t<\/div>\n\t\t\t\t<\/div>\n\t\t\t\t<div class=\"elementor-element elementor-element-d358e36 elementor-widget elementor-widget-text-editor\" data-id=\"d358e36\" data-element_type=\"widget\" data-e-type=\"widget\" data-widget_type=\"text-editor.default\">\n\t\t\t\t<div class=\"elementor-widget-container\">\n\t\t\t\t\t\t\t\t\t<p>Vous pouvez retrouver toutes les photos et vid\u00e9os des derni\u00e8res \u00e9ditions sur notre page Facebook\u00a0<\/p>\t\t\t\t\t\t\t\t<\/div>\n\t\t\t\t<\/div>\n\t\t\t\t<div class=\"elementor-element elementor-element-10b38bd elementor-align-center elementor-widget elementor-widget-button\" data-id=\"10b38bd\" data-element_type=\"widget\" data-e-type=\"widget\" data-widget_type=\"button.default\">\n\t\t\t\t<div class=\"elementor-widget-container\">\n\t\t\t\t\t\t\t\t\t<div class=\"elementor-button-wrapper\">\n\t\t\t\t\t<a class=\"elementor-button elementor-button-link elementor-size-sm\" href=\"https:\/\/www.facebook.com\/traverseelyon.nap\/photos\/\">\n\t\t\t\t\t\t<span class=\"elementor-button-content-wrapper\">\n\t\t\t\t\t\t\t\t\t<span class=\"elementor-button-text\">Page Facebook<\/span>\n\t\t\t\t\t<\/span>\n\t\t\t\t\t<\/a>\n\t\t\t\t<\/div>\n\t\t\t\t\t\t\t\t<\/div>\n\t\t\t\t<\/div>\n\t\t\t\t<div class=\"elementor-element elementor-element-72c0cb8 elementor-widget elementor-widget-spacer\" data-id=\"72c0cb8\" data-element_type=\"widget\" data-e-type=\"widget\" data-widget_type=\"spacer.default\">\n\t\t\t\t<div class=\"elementor-widget-container\">\n\t\t\t\t\t\t\t<div class=\"elementor-spacer\">\n\t\t\t<div class=\"elementor-spacer-inner\"><\/div>\n\t\t<\/div>\n\t\t\t\t\t\t<\/div>\n\t\t\t\t<\/div>\n\t\t\t\t<div class=\"elementor-element elementor-element-7765e10 elementor-widget elementor-widget-heading\" data-id=\"7765e10\" data-element_type=\"widget\" data-e-type=\"widget\" data-widget_type=\"heading.default\">\n\t\t\t\t<div class=\"elementor-widget-container\">\n\t\t\t\t\t<h2 class=\"elementor-heading-title elementor-size-default\">Les vid\u00e9os<\/h2>\t\t\t\t<\/div>\n\t\t\t\t<\/div>\n\t\t\t\t\t<\/div>\n\t\t<\/div>\n\t\t\t\t\t<\/div>\n\t\t<\/section>\n\t\t\t\t<section class=\"elementor-section elementor-top-section elementor-element elementor-element-c22fbea elementor-section-boxed elementor-section-height-default elementor-section-height-default\" data-id=\"c22fbea\" data-element_type=\"section\" data-e-type=\"section\">\n\t\t\t\t\t\t<div class=\"elementor-container elementor-column-gap-default\">\n\t\t\t\t\t<div class=\"elementor-column elementor-col-100 elementor-top-column elementor-element elementor-element-e317082\" data-id=\"e317082\" data-element_type=\"column\" data-e-type=\"column\">\n\t\t\t<div class=\"elementor-widget-wrap elementor-element-populated\">\n\t\t\t\t\t\t<div class=\"elementor-element elementor-element-4df858d elementor-widget elementor-widget-text-editor\" data-id=\"4df858d\" data-element_type=\"widget\" data-e-type=\"widget\" data-widget_type=\"text-editor.default\">\n\t\t\t\t<div class=\"elementor-widget-container\">\n\t\t\t\t\t\t\t\t\t<p><span style=\"font-style: inherit; font-weight: inherit;\">2012 (32\u00e8me \u00e9dition) :&nbsp;<\/span><a href=\"http:\/\/www.youtube.com\/watch?v=ez0rQIC_27s&amp;feature=youtu.be\" target=\"_blank\" rel=\"noopener\" style=\"font-style: inherit; font-weight: var( --e-global-typography-text-font-weight ); background-color: rgb(255, 255, 255); font-family: Arial, Helvetica, sans-serif; font-size: 12px;\">France 3 &#8211; JT 19\/20<\/a><br><\/p>\n<p>2011 (31\u00e8me \u00e9dition)<span style=\"color: var( --e-global-color-text ); font-family: var( --e-global-typography-text-font-family ), Sans-serif; font-weight: var( --e-global-typography-text-font-weight ); font-size: 1rem;\">&nbsp;<\/span><span style=\"color: var( --e-global-color-text ); font-family: var( --e-global-typography-text-font-family ), Sans-serif; font-weight: var( --e-global-typography-text-font-weight ); font-size: 1rem;\">:&nbsp;<\/span><a style=\"font-weight: var( --e-global-typography-text-font-weight ); background-color: #ffffff; font-family: Arial, Helvetica, sans-serif; font-size: 12px;\" href=\"http:\/\/traverseelyon.nap.free.fr\/videos\/2011\/2011_JT19-20.wmv\">France 3 &#8211; JT 19\/20<\/a><\/p>\n<p><span style=\"font-size: 1rem;\">2008 (28\u00e8me \u00e9dition)&nbsp;<\/span><span style=\"color: rgb(122, 122, 122); font-family: Roboto, sans-serif; font-weight: 400;\">:<\/span><span style=\"color: var( --e-global-color-text ); font-family: var( --e-global-typography-text-font-family ), Sans-serif; font-weight: var( --e-global-typography-text-font-weight ); font-size: 1rem;\">&nbsp;<\/span><a style=\"font-weight: var( --e-global-typography-text-font-weight ); background-color: #ffffff; font-family: Arial, Helvetica, sans-serif; font-size: 12px;\" href=\"http:\/\/traverseelyon.nap.free.fr\/videos\/2008\/tlm.mpg\">Reportage sur TLM, Dimanche Sport<\/a><\/p>\n<p>2007 (27\u00e8me \u00e9dition) :&nbsp;<a style=\"font-weight: var( --e-global-typography-text-font-weight ); background-color: #ffffff; font-family: Arial, Helvetica, sans-serif; font-size: 9pt;\" href=\"http:\/\/traverseelyon.nap.free.fr\/videos\/2007\/tlm.mpg\">Reportage sur TLM, Lundi Sport<\/a>&nbsp;<a style=\"font-weight: var( --e-global-typography-text-font-weight ); background-color: #ffffff; font-family: Arial, Helvetica, sans-serif; font-size: 9pt;\" href=\"http:\/\/traverseelyon.nap.free.fr\/videos\/2007\/france3.mpg\">Reportage sur France 3, 19-20<\/a><\/p>\t\t\t\t\t\t\t\t<\/div>\n\t\t\t\t<\/div>\n\t\t\t\t\t<\/div>\n\t\t<\/div>\n\t\t\t\t\t<\/div>\n\t\t<\/section>\n\t\t\t\t<section class=\"elementor-section elementor-top-section elementor-element elementor-element-c83958d elementor-section-boxed elementor-section-height-default elementor-section-height-default\" data-id=\"c83958d\" data-element_type=\"section\" data-e-type=\"section\">\n\t\t\t\t\t\t<div class=\"elementor-container elementor-column-gap-default\">\n\t\t\t\t\t<div class=\"elementor-column elementor-col-100 elementor-top-column elementor-element elementor-element-efda5e9\" data-id=\"efda5e9\" data-element_type=\"column\" data-e-type=\"column\">\n\t\t\t<div class=\"elementor-widget-wrap elementor-element-populated\">\n\t\t\t\t\t\t<div class=\"elementor-element elementor-element-c46b33c elementor-widget elementor-widget-spacer\" data-id=\"c46b33c\" data-element_type=\"widget\" data-e-type=\"widget\" data-widget_type=\"spacer.default\">\n\t\t\t\t<div class=\"elementor-widget-container\">\n\t\t\t\t\t\t\t<div class=\"elementor-spacer\">\n\t\t\t<div class=\"elementor-spacer-inner\"><\/div>\n\t\t<\/div>\n\t\t\t\t\t\t<\/div>\n\t\t\t\t<\/div>\n\t\t\t\t<div class=\"elementor-element elementor-element-06d1ccd elementor-widget-divider--view-line elementor-widget elementor-widget-divider\" data-id=\"06d1ccd\" data-element_type=\"widget\" data-e-type=\"widget\" data-widget_type=\"divider.default\">\n\t\t\t\t<div class=\"elementor-widget-container\">\n\t\t\t\t\t\t\t<div class=\"elementor-divider\">\n\t\t\t<span class=\"elementor-divider-separator\">\n\t\t\t\t\t\t<\/span>\n\t\t<\/div>\n\t\t\t\t\t\t<\/div>\n\t\t\t\t<\/div>\n\t\t\t\t<div class=\"elementor-element elementor-element-33e0da3 elementor-widget elementor-widget-heading\" data-id=\"33e0da3\" data-element_type=\"widget\" data-e-type=\"widget\" data-widget_type=\"heading.default\">\n\t\t\t\t<div class=\"elementor-widget-container\">\n\t\t\t\t\t<h2 class=\"elementor-heading-title elementor-size-default\">Les photos<\/h2>\t\t\t\t<\/div>\n\t\t\t\t<\/div>\n\t\t\t\t\t<\/div>\n\t\t<\/div>\n\t\t\t\t\t<\/div>\n\t\t<\/section>\n\t\t\t\t<section class=\"elementor-section elementor-top-section elementor-element elementor-element-f2ee786 elementor-section-boxed elementor-section-height-default elementor-section-height-default\" data-id=\"f2ee786\" data-element_type=\"section\" data-e-type=\"section\">\n\t\t\t\t\t\t<div class=\"elementor-container elementor-column-gap-default\">\n\t\t\t\t\t<div class=\"elementor-column elementor-col-100 elementor-top-column elementor-element elementor-element-040dfc2\" data-id=\"040dfc2\" data-element_type=\"column\" data-e-type=\"column\">\n\t\t\t<div class=\"elementor-widget-wrap elementor-element-populated\">\n\t\t\t\t\t\t<div class=\"elementor-element elementor-element-d02d8e4 elementor-widget elementor-widget-text-editor\" data-id=\"d02d8e4\" data-element_type=\"widget\" data-e-type=\"widget\" data-widget_type=\"text-editor.default\">\n\t\t\t\t<div class=\"elementor-widget-container\">\n\t\t\t\t\t\t\t\t\t<p><span style=\"font-style: inherit; font-weight: inherit;\">2008<\/span><\/p>\n<p><a style=\"background-color: #ffffff; font-family: Arial, Helvetica, sans-serif; font-weight: 400; font-size: 10pt;\" href=\"http:\/\/cklom.free.fr\/galerie\/browserlb2.php?directory=2008-01-20-%6020TDLNAP&amp;lng=fr\" target=\"_blank\" rel=\"noopener\">CKLOM &#8211; La course vue par les cayakistes<\/a><\/p>\n<p><\/p>\n<p>2007<\/p>\n<p><a style=\"background-color: #ffffff; font-family: Arial, Helvetica, sans-serif; font-weight: 400; font-size: 10pt;\" href=\"http:\/\/foudepalme.blogspot.com\/2007\/01\/les-nageurs-en-survt-noir-ont-encore.html\" target=\"_blank\" rel=\"noopener\">Fou de palme, le blog d&rsquo;un fou&#8230; de palm<\/a><\/p>\t\t\t\t\t\t\t\t<\/div>\n\t\t\t\t<\/div>\n\t\t\t\t\t<\/div>\n\t\t<\/div>\n\t\t\t\t\t<\/div>\n\t\t<\/section>\n\t\t\t\t<section class=\"elementor-section elementor-top-section elementor-element elementor-element-73d10ae elementor-section-boxed elementor-section-height-default elementor-section-height-default\" data-id=\"73d10ae\" data-element_type=\"section\" data-e-type=\"section\">\n\t\t\t\t\t\t<div class=\"elementor-container elementor-column-gap-default\">\n\t\t\t\t\t<div class=\"elementor-column elementor-col-100 elementor-top-column elementor-element elementor-element-d9b20c2\" data-id=\"d9b20c2\" data-element_type=\"column\" data-e-type=\"column\">\n\t\t\t<div class=\"elementor-widget-wrap elementor-element-populated\">\n\t\t\t\t\t\t<div class=\"elementor-element elementor-element-6952c98 elementor-widget elementor-widget-text-editor\" data-id=\"6952c98\" data-element_type=\"widget\" data-e-type=\"widget\" data-widget_type=\"text-editor.default\">\n\t\t\t\t<div class=\"elementor-widget-container\">\n\t\t\t\t\t\t\t\t\t<p>Partagez vos photos, vid\u00e9os et liens \u00e0 traverseelyon.nap@free.fr<\/p>\t\t\t\t\t\t\t\t<\/div>\n\t\t\t\t<\/div>\n\t\t\t\t\t<\/div>\n\t\t<\/div>\n\t\t\t\t\t<\/div>\n\t\t<\/section>\n\t\t\t\t<section class=\"elementor-section elementor-top-section elementor-element elementor-element-6cbc087 elementor-section-boxed elementor-section-height-default elementor-section-height-default\" data-id=\"6cbc087\" data-element_type=\"section\" data-e-type=\"section\" data-settings=\"{&quot;background_background&quot;:&quot;classic&quot;}\">\n\t\t\t\t\t\t<div class=\"elementor-container elementor-column-gap-default\">\n\t\t\t\t\t<div class=\"elementor-column elementor-col-33 elementor-top-column elementor-element elementor-element-19299bd\" data-id=\"19299bd\" data-element_type=\"column\" data-e-type=\"column\">\n\t\t\t<div class=\"elementor-widget-wrap elementor-element-populated\">\n\t\t\t\t\t\t<div class=\"elementor-element elementor-element-42705c6 elementor-widget elementor-widget-spacer\" data-id=\"42705c6\" data-element_type=\"widget\" data-e-type=\"widget\" data-widget_type=\"spacer.default\">\n\t\t\t\t<div class=\"elementor-widget-container\">\n\t\t\t\t\t\t\t<div class=\"elementor-spacer\">\n\t\t\t<div class=\"elementor-spacer-inner\"><\/div>\n\t\t<\/div>\n\t\t\t\t\t\t<\/div>\n\t\t\t\t<\/div>\n\t\t\t\t<div class=\"elementor-element elementor-element-f98acd4 elementor-widget elementor-widget-text-editor\" data-id=\"f98acd4\" data-element_type=\"widget\" data-e-type=\"widget\" data-widget_type=\"text-editor.default\">\n\t\t\t\t<div class=\"elementor-widget-container\">\n\t\t\t\t\t\t\t\t\t<p>Club Thalassa Lyon Plong\u00e9e<\/p><p>3 rue Jouffroy d\u2019Abbans<\/p><p>69009 LYON<\/p><p><span style=\"font-weight: 600;\">traverseelyonnap@thalassalyonplongee.fr<\/span><\/p>\t\t\t\t\t\t\t\t<\/div>\n\t\t\t\t<\/div>\n\t\t\t\t\t<\/div>\n\t\t<\/div>\n\t\t\t\t<div class=\"elementor-column elementor-col-33 elementor-top-column elementor-element elementor-element-11853d5\" data-id=\"11853d5\" data-element_type=\"column\" data-e-type=\"column\">\n\t\t\t<div class=\"elementor-widget-wrap elementor-element-populated\">\n\t\t\t\t\t\t<div class=\"elementor-element elementor-element-14eff1f elementor-widget elementor-widget-image\" data-id=\"14eff1f\" data-element_type=\"widget\" data-e-type=\"widget\" data-widget_type=\"image.default\">\n\t\t\t\t<div class=\"elementor-widget-container\">\n\t\t\t\t\t\t\t\t\t\t\t\t\t\t\t<img decoding=\"async\" width=\"150\" height=\"150\" src=\"https:\/\/thalassalyonplongee.fr\/traverseelyon\/wp-content\/uploads\/2021\/10\/cropped-22769690_1288696981276385_2517272010692802687_o-removebg-preview-83x83.png\" class=\"attachment-thumbnail size-thumbnail wp-image-23\" alt=\"\" srcset=\"https:\/\/thalassalyonplongee.fr\/traverseelyon\/wp-content\/uploads\/2021\/10\/cropped-22769690_1288696981276385_2517272010692802687_o-removebg-preview-150x150.png 150w, https:\/\/thalassalyonplongee.fr\/traverseelyon\/wp-content\/uploads\/2021\/10\/cropped-22769690_1288696981276385_2517272010692802687_o-removebg-preview-300x300.png 300w, https:\/\/thalassalyonplongee.fr\/traverseelyon\/wp-content\/uploads\/2021\/10\/cropped-22769690_1288696981276385_2517272010692802687_o-removebg-preview-83x83.png 83w, https:\/\/thalassalyonplongee.fr\/traverseelyon\/wp-content\/uploads\/2021\/10\/cropped-22769690_1288696981276385_2517272010692802687_o-removebg-preview.png 500w\" sizes=\"(max-width: 150px) 100vw, 150px\" \/>\t\t\t\t\t\t\t\t\t\t\t\t\t\t\t<\/div>\n\t\t\t\t<\/div>\n\t\t\t\t\t<\/div>\n\t\t<\/div>\n\t\t\t\t<div class=\"elementor-column elementor-col-33 elementor-top-column elementor-element elementor-element-936e332\" data-id=\"936e332\" data-element_type=\"column\" data-e-type=\"column\">\n\t\t\t<div class=\"elementor-widget-wrap elementor-element-populated\">\n\t\t\t\t\t\t<div class=\"elementor-element elementor-element-7ac083f elementor-widget elementor-widget-spacer\" data-id=\"7ac083f\" data-element_type=\"widget\" data-e-type=\"widget\" data-widget_type=\"spacer.default\">\n\t\t\t\t<div class=\"elementor-widget-container\">\n\t\t\t\t\t\t\t<div class=\"elementor-spacer\">\n\t\t\t<div class=\"elementor-spacer-inner\"><\/div>\n\t\t<\/div>\n\t\t\t\t\t\t<\/div>\n\t\t\t\t<\/div>\n\t\t\t\t<div class=\"elementor-element elementor-element-cf8d2c4 elementor-widget elementor-widget-image\" data-id=\"cf8d2c4\" data-element_type=\"widget\" data-e-type=\"widget\" data-widget_type=\"image.default\">\n\t\t\t\t<div class=\"elementor-widget-container\">\n\t\t\t\t\t\t\t\t\t\t\t\t\t\t\t\t<a href=\"https:\/\/www.facebook.com\/traverseelyon.nap\">\n\t\t\t\t\t\t\t<img decoding=\"async\" src=\"https:\/\/thalassalyonplongee.fr\/traverseelyon\/wp-content\/uploads\/2021\/12\/facebook-770688_1280.png\" title=\"facebook-770688_1280\" alt=\"facebook-770688_1280\" loading=\"lazy\" \/>\t\t\t\t\t\t\t\t<\/a>\n\t\t\t\t\t\t\t\t\t\t\t\t\t\t\t<\/div>\n\t\t\t\t<\/div>\n\t\t\t\t\t<\/div>\n\t\t<\/div>\n\t\t\t\t\t<\/div>\n\t\t<\/section>\n\t\t\t\t<\/div>\n\t\t","protected":false},"excerpt":{"rendered":"<p>Vous pouvez retrouver toutes les photos et vid\u00e9os des derni\u00e8res \u00e9ditions sur notre page Facebook\u00a0 Page Facebook Les vid\u00e9os 2012 (32\u00e8me \u00e9dition) :&nbsp;France 3 &#8211; JT 19\/20 2011 (31\u00e8me \u00e9dition)&nbsp;:&nbsp;France 3 &#8211; JT 19\/20 2008 (28\u00e8me \u00e9dition)&nbsp;:&nbsp;Reportage sur TLM, Dimanche Sport 2007 (27\u00e8me \u00e9dition) :&nbsp;Reportage sur TLM, Lundi Sport&nbsp;Reportage sur France 3, 19-20 Les photos [&hellip;]<\/p>\n","protected":false},"author":1,"featured_media":0,"parent":0,"menu_order":0,"comment_status":"closed","ping_status":"closed","template":"","meta":{"site-sidebar-layout":"no-sidebar","site-content-layout":"page-builder","ast-site-content-layout":"default","site-content-style":"default","site-sidebar-style":"default","ast-global-header-display":"","ast-banner-title-visibility":"","ast-main-header-display":"","ast-hfb-above-header-display":"","ast-hfb-below-header-display":"","ast-hfb-mobile-header-display":"","site-post-title":"disabled","ast-breadcrumbs-content":"","ast-featured-img":"disabled","footer-sml-layout":"disabled","ast-disable-related-posts":"","theme-transparent-header-meta":"default","adv-header-id-meta":"","stick-header-meta":"","header-above-stick-meta":"","header-main-stick-meta":"","header-below-stick-meta":"","astra-migrate-meta-layouts":"default","ast-page-background-enabled":"default","ast-page-background-meta":{"desktop":{"background-color":"var(--ast-global-color-4)","background-image":"","background-repeat":"repeat","background-position":"center center","background-size":"auto","background-attachment":"scroll","background-type":"","background-media":"","overlay-type":"","overlay-color":"","overlay-opacity":"","overlay-gradient":""},"tablet":{"background-color":"","background-image":"","background-repeat":"repeat","background-position":"center center","background-size":"auto","background-attachment":"scroll","background-type":"","background-media":"","overlay-type":"","overlay-color":"","overlay-opacity":"","overlay-gradient":""},"mobile":{"background-color":"","background-image":"","background-repeat":"repeat","background-position":"center center","background-size":"auto","background-attachment":"scroll","background-type":"","background-media":"","overlay-type":"","overlay-color":"","overlay-opacity":"","overlay-gradient":""}},"ast-content-background-meta":{"desktop":{"background-color":"var(--ast-global-color-5)","background-image":"","background-repeat":"repeat","background-position":"center center","background-size":"auto","background-attachment":"scroll","background-type":"","background-media":"","overlay-type":"","overlay-color":"","overlay-opacity":"","overlay-gradient":""},"tablet":{"background-color":"var(--ast-global-color-5)","background-image":"","background-repeat":"repeat","background-position":"center center","background-size":"auto","background-attachment":"scroll","background-type":"","background-media":"","overlay-type":"","overlay-color":"","overlay-opacity":"","overlay-gradient":""},"mobile":{"background-color":"var(--ast-global-color-5)","background-image":"","background-repeat":"repeat","background-position":"center center","background-size":"auto","background-attachment":"scroll","background-type":"","background-media":"","overlay-type":"","overlay-color":"","overlay-opacity":"","overlay-gradient":""}},"footnotes":""},"class_list":["post-13","page","type-page","status-publish","hentry"],"_links":{"self":[{"href":"https:\/\/thalassalyonplongee.fr\/traverseelyon\/index.php\/wp-json\/wp\/v2\/pages\/13","targetHints":{"allow":["GET"]}}],"collection":[{"href":"https:\/\/thalassalyonplongee.fr\/traverseelyon\/index.php\/wp-json\/wp\/v2\/pages"}],"about":[{"href":"https:\/\/thalassalyonplongee.fr\/traverseelyon\/index.php\/wp-json\/wp\/v2\/types\/page"}],"author":[{"embeddable":true,"href":"https:\/\/thalassalyonplongee.fr\/traverseelyon\/index.php\/wp-json\/wp\/v2\/users\/1"}],"replies":[{"embeddable":true,"href":"https:\/\/thalassalyonplongee.fr\/traverseelyon\/index.php\/wp-json\/wp\/v2\/comments?post=13"}],"version-history":[{"count":58,"href":"https:\/\/thalassalyonplongee.fr\/traverseelyon\/index.php\/wp-json\/wp\/v2\/pages\/13\/revisions"}],"predecessor-version":[{"id":355,"href":"https:\/\/thalassalyonplongee.fr\/traverseelyon\/index.php\/wp-json\/wp\/v2\/pages\/13\/revisions\/355"}],"wp:attachment":[{"href":"https:\/\/thalassalyonplongee.fr\/traverseelyon\/index.php\/wp-json\/wp\/v2\/media?parent=13"}],"curies":[{"name":"wp","href":"https:\/\/api.w.org\/{rel}","templated":true}]}}